{"id":221448,"date":"2025-10-01T18:27:11","date_gmt":"2025-10-01T22:27:11","guid":{"rendered":"https:\/\/mamavitalicious.com\/politique-sur-les-temoins\/"},"modified":"2025-10-01T18:27:11","modified_gmt":"2025-10-01T22:27:11","slug":"politique-sur-les-temoins","status":"publish","type":"page","link":"https:\/\/mamavitalicious.com\/fr\/politique-sur-les-temoins\/","title":{"rendered":"Politique sur les t\u00e9moins"},"content":{"rendered":"","protected":false},"excerpt":{"rendered":"","protected":false},"author":2,"featured_media":0,"parent":0,"menu_order":0,"comment_status":"closed","ping_status":"closed","template":"","meta":{"footnotes":""},"class_list":["post-221448","page","type-page","status-publish","hentry"],"jetpack_sharing_enabled":true,"jetpack-related-posts":[{"id":221450,"url":"https:\/\/mamavitalicious.com\/fr\/politique-de-confidentialite\/","url_meta":{"origin":221448,"position":0},"title":"Politique de confidentialit\u00e9","author":"Mama Vitalicious","date":"20 juillet 2022","format":false,"excerpt":"Version bilingue commerce \u00e9lectronique (\u00e0 mettre \u00e0 jour) Qui nous sommes Texte sugg\u00e9r\u00e9 : Notre adresse web est : https:\/\/www.mamavitalicious.com. Commentaires Texte sugg\u00e9r\u00e9 : Lorsque les visiteurs laissent des commentaires sur le site, nous recueillons les donn\u00e9es affich\u00e9es dans le formulaire de commentaires, ainsi que l\u2019adresse IP du visiteur et\u2026","rel":"","context":"Similar post","block_context":{"text":"Similar post","link":""},"img":{"alt_text":"","src":"","width":0,"height":0},"classes":[]},{"id":221447,"url":"https:\/\/mamavitalicious.com\/fr\/politique-de-remboursement-et-de-retour\/","url_meta":{"origin":221448,"position":1},"title":"Politique de remboursement et de retour","author":"","date":"3 octobre 2025","format":false,"excerpt":"Voici une page d\u2019exemple. Aper\u00e7u Notre politique de remboursement et de retour dure 30 jours. Si 30 jours se sont \u00e9coul\u00e9s depuis votre achat, nous ne pouvons pas vous offrir un remboursement complet ni un \u00e9change. Pour \u00eatre admissible \u00e0 une d\u00e9claration, votre article doit \u00eatre inutilis\u00e9 et dans le\u2026","rel":"","context":"Similar post","block_context":{"text":"Similar post","link":""},"img":{"alt_text":"","src":"","width":0,"height":0},"classes":[]},{"id":221452,"url":"https:\/\/mamavitalicious.com\/fr\/conditions-generales\/","url_meta":{"origin":221448,"position":2},"title":"Conditions g\u00e9n\u00e9rales","author":"Mama Vitalicious","date":"9 janvier 2023","format":false,"excerpt":"\r Voici une page d\u2019exemple.\r \r Overview\r \r Notre politique de remboursement et de retour dure 30 jours. Si 30 jours se sont \u00e9coul\u00e9s depuis votre achat, nous ne pouvons pas vous offrir un remboursement complet ni un \u00e9change. \r \r Pour \u00eatre admissible \u00e0 une d\u00e9claration, votre article doit\u2026","rel":"","context":"Similar post","block_context":{"text":"Similar post","link":""},"img":{"alt_text":"","src":"","width":0,"height":0},"classes":[]}],"_links":{"self":[{"href":"https:\/\/mamavitalicious.com\/fr\/wp-json\/wp\/v2\/pages\/221448","targetHints":{"allow":["GET"]}}],"collection":[{"href":"https:\/\/mamavitalicious.com\/fr\/wp-json\/wp\/v2\/pages"}],"about":[{"href":"https:\/\/mamavitalicious.com\/fr\/wp-json\/wp\/v2\/types\/page"}],"author":[{"embeddable":true,"href":"https:\/\/mamavitalicious.com\/fr\/wp-json\/wp\/v2\/users\/2"}],"replies":[{"embeddable":true,"href":"https:\/\/mamavitalicious.com\/fr\/wp-json\/wp\/v2\/comments?post=221448"}],"version-history":[{"count":0,"href":"https:\/\/mamavitalicious.com\/fr\/wp-json\/wp\/v2\/pages\/221448\/revisions"}],"wp:attachment":[{"href":"https:\/\/mamavitalicious.com\/fr\/wp-json\/wp\/v2\/media?parent=221448"}],"curies":[{"name":"wp","href":"https:\/\/api.w.org\/{rel}","templated":true}]}}