{"id":221450,"date":"2022-07-20T12:45:48","date_gmt":"2022-07-20T16:45:48","guid":{"rendered":"https:\/\/mamavitalicious.com\/politique-de-confidentialite\/"},"modified":"2025-12-15T09:50:44","modified_gmt":"2025-12-15T14:50:44","slug":"politique-de-confidentialite","status":"publish","type":"page","link":"https:\/\/mamavitalicious.com\/fr\/politique-de-confidentialite\/","title":{"rendered":"Politique de confidentialit\u00e9"},"content":{"rendered":"\n<h2 class=\"wp-block-heading\"><span style=\"text-decoration: underline;\">Version bilingue commerce<\/span> \u00e9lectronique (\u00e0 mettre \u00e0 jour)<\/h2>\n\n<h2 class=\"wp-block-heading\">Qui nous sommes<\/h2>\n\n<p><strong class=\"privacy-policy-tutorial\">Texte sugg\u00e9r\u00e9 : <\/strong>Notre adresse web est : https:\/\/www.mamavitalicious.com.<\/p>\n\n<h2 class=\"wp-block-heading\">Commentaires<\/h2>\n\n<p><strong class=\"privacy-policy-tutorial\">Texte sugg\u00e9r\u00e9 : <\/strong>Lorsque les visiteurs laissent des commentaires sur le site, nous recueillons les donn\u00e9es affich\u00e9es dans le formulaire de commentaires, ainsi que l\u2019adresse IP du visiteur et la cha\u00eene d\u2019agent utilisateur du navigateur pour aider \u00e0 d\u00e9tecter le pourriel.<\/p>\n\n<p>Une cha\u00eene anonymis\u00e9e cr\u00e9\u00e9e \u00e0 partir de votre adresse courriel (aussi appel\u00e9e hachage) peut \u00eatre fournie au service Gravatar pour v\u00e9rifier si vous l\u2019utilisez. La politique de confidentialit\u00e9 des services Gravatar est disponible ici : https:\/\/automattic.com\/privacy\/. Apr\u00e8s l\u2019approbation de votre commentaire, votre photo de profil devient visible du public dans le contexte de votre commentaire. <\/p>\n\n<h2 class=\"wp-block-heading\">M\u00e9dias<\/h2>\n\n<p><strong class=\"privacy-policy-tutorial\">Texte sugg\u00e9r\u00e9 : <\/strong>Si vous t\u00e9l\u00e9chargez des images sur le site web, vous devriez \u00e9viter de t\u00e9l\u00e9charger des images avec des donn\u00e9es de localisation int\u00e9gr\u00e9es (GPS EXIF) incluses. Les visiteurs du site web peuvent t\u00e9l\u00e9charger et extraire toutes les donn\u00e9es de localisation \u00e0 partir des images pr\u00e9sentes sur le site. <\/p>\n\n<h2 class=\"wp-block-heading\">Cookies<\/h2>\n\n<p><strong class=\"privacy-policy-tutorial\">Texte sugg\u00e9r\u00e9 : <\/strong>Si vous laissez un commentaire sur notre site, vous pouvez choisir de sauvegarder votre nom, votre adresse courriel et votre site web sous forme de t\u00e9moins. Celles-ci sont pour votre commodit\u00e9, afin que vous n\u2019ayez pas \u00e0 remplir vos informations \u00e0 nouveau lorsque vous laissez un autre commentaire. Ces biscuits dureront un an.  <\/p>\n\n<p>Si vous visitez notre page de connexion, nous activerons un cookie temporaire pour d\u00e9terminer si votre navigateur accepte les t\u00e9moins. Ce cookie ne contient aucune donn\u00e9e personnelle et est rejet\u00e9 lorsque vous fermez votre navigateur. <\/p>\n\n<p>Lorsque vous vous connectez, nous mettrons \u00e9galement en place plusieurs t\u00e9moins pour sauvegarder vos informations de connexion et vos choix d\u2019affichage d\u2019\u00e9cran. Les cookies de connexion durent deux jours, et les cookies d\u2019options d\u2019\u00e9cran durent un an. Si vous s\u00e9lectionnez \u00ab Me souvenir \u00bb, votre connexion persistera pendant deux semaines. Si vous vous d\u00e9connectez de votre compte, les cookies de connexion seront supprim\u00e9s.   <\/p>\n\n<p>Si vous \u00e9ditez ou publiez un article, un cookie suppl\u00e9mentaire sera sauvegard\u00e9 dans votre navigateur. Ce t\u00e9moins ne contient aucune donn\u00e9e personnelle et indique simplement l\u2019identifiant de publication de l\u2019article que vous venez de modifier. Il expire apr\u00e8s 1 jour.  <\/p>\n\n<h2 class=\"wp-block-heading\">Contenu int\u00e9gr\u00e9 provenant d\u2019autres sites web<\/h2>\n\n<p><strong class=\"privacy-policy-tutorial\">Texte sugg\u00e9r\u00e9 : <\/strong>Les articles sur ce site peuvent inclure du contenu int\u00e9gr\u00e9 (par exemple, vid\u00e9os, images, articles, etc.). Le contenu int\u00e9gr\u00e9 provenant d\u2019autres sites web se comporte exactement de la m\u00eame fa\u00e7on que si le visiteur avait visit\u00e9 l\u2019autre site. <\/p>\n\n<p>Ces sites web peuvent recueillir des donn\u00e9es \u00e0 votre sujet, utiliser des t\u00e9moins, int\u00e9grer un suivi suppl\u00e9mentaire de tiers, et surveiller votre interaction avec ce contenu int\u00e9gr\u00e9, y compris suivre votre interaction avec le contenu int\u00e9gr\u00e9 si vous avez un compte et \u00eates connect\u00e9 \u00e0 ce site.<\/p>\n\n<h2 class=\"wp-block-heading\">Avec qui nous partageons vos donn\u00e9es<\/h2>\n\n<p><strong class=\"privacy-policy-tutorial\">Texte sugg\u00e9r\u00e9 : <\/strong>Si vous demandez une r\u00e9initialisation du mot de passe, votre adresse IP sera incluse dans le courriel de r\u00e9initialisation.<\/p>\n\n<h2 class=\"wp-block-heading\">Combien de temps conservons-nous vos donn\u00e9es<\/h2>\n\n<p><strong class=\"privacy-policy-tutorial\">Texte sugg\u00e9r\u00e9 : <\/strong>Si vous laissez un commentaire, le commentaire et ses m\u00e9tadonn\u00e9es sont conserv\u00e9s ind\u00e9finiment. C\u2019est pour que nous puissions reconna\u00eetre et approuver automatiquement tout commentaire de suivi au lieu de les garder dans une file de mod\u00e9ration. <\/p>\n\n<p>Pour les utilisateurs qui s\u2019inscrivent sur notre site web (le cas \u00e9ch\u00e9ant), nous stockons \u00e9galement les informations personnelles qu\u2019ils fournissent dans leur profil utilisateur. Tous les utilisateurs peuvent voir, modifier ou supprimer leurs informations personnelles \u00e0 tout moment (sauf s\u2019ils ne peuvent pas changer leur nom d\u2019utilisateur). Les administrateurs du site web peuvent aussi voir et modifier cette information.  <\/p>\n\n<h2 class=\"wp-block-heading\">Quels droits vous avez sur vos donn\u00e9es<\/h2>\n\n<p><strong class=\"privacy-policy-tutorial\">Texte sugg\u00e9r\u00e9 : <\/strong>Si vous avez un compte sur ce site ou avez laiss\u00e9 des commentaires, vous pouvez demander \u00e0 recevoir un fichier export\u00e9 des donn\u00e9es personnelles que nous d\u00e9tenons \u00e0 votre sujet, y compris toutes les donn\u00e9es que vous nous avez fournies. Vous pouvez aussi demander que nous effacions toute donn\u00e9e personnelle que nous d\u00e9tenons \u00e0 votre sujet. Cela n\u2019inclut aucune donn\u00e9e que nous sommes tenus de conserver \u00e0 des fins administratives, juridiques ou de s\u00e9curit\u00e9.  <\/p>\n\n<h2 class=\"wp-block-heading\">O\u00f9 vos donn\u00e9es sont envoy\u00e9es<\/h2>\n\n<p><strong class=\"privacy-policy-tutorial\">Texte sugg\u00e9r\u00e9 : <\/strong>Les commentaires des visiteurs peuvent \u00eatre v\u00e9rifi\u00e9s via un service automatis\u00e9 de d\u00e9tection de pourriel.<\/p>\n","protected":false},"excerpt":{"rendered":"<p>Version bilingue commerce \u00e9lectronique (\u00e0 mettre \u00e0 jour) Qui nous sommes Texte sugg\u00e9r\u00e9 : Notre adresse web est : https:\/\/www.mamavitalicious.com. Commentaires Texte sugg\u00e9r\u00e9 : Lorsque les visiteurs laissent des commentaires sur le site, nous recueillons les donn\u00e9es affich\u00e9es dans le formulaire de commentaires, ainsi que l\u2019adresse IP du visiteur et la cha\u00eene d\u2019agent utilisateur du [&hellip;]<\/p>\n","protected":false},"author":2,"featured_media":0,"parent":0,"menu_order":0,"comment_status":"closed","ping_status":"closed","template":"","meta":{"footnotes":""},"class_list":["post-221450","page","type-page","status-publish","hentry"],"jetpack_sharing_enabled":true,"jetpack-related-posts":[{"id":221447,"url":"https:\/\/mamavitalicious.com\/fr\/politique-de-remboursement-et-de-retour\/","url_meta":{"origin":221450,"position":0},"title":"Politique de remboursement et de retour","author":"","date":"3 octobre 2025","format":false,"excerpt":"Voici une page d\u2019exemple. Aper\u00e7u Notre politique de remboursement et de retour dure 30 jours. Si 30 jours se sont \u00e9coul\u00e9s depuis votre achat, nous ne pouvons pas vous offrir un remboursement complet ni un \u00e9change. Pour \u00eatre admissible \u00e0 une d\u00e9claration, votre article doit \u00eatre inutilis\u00e9 et dans le\u2026","rel":"","context":"Similar post","block_context":{"text":"Similar post","link":""},"img":{"alt_text":"","src":"","width":0,"height":0},"classes":[]},{"id":221452,"url":"https:\/\/mamavitalicious.com\/fr\/conditions-generales\/","url_meta":{"origin":221450,"position":1},"title":"Conditions g\u00e9n\u00e9rales","author":"Mama Vitalicious","date":"9 janvier 2023","format":false,"excerpt":"\r Voici une page d\u2019exemple.\r \r Overview\r \r Notre politique de remboursement et de retour dure 30 jours. Si 30 jours se sont \u00e9coul\u00e9s depuis votre achat, nous ne pouvons pas vous offrir un remboursement complet ni un \u00e9change. \r \r Pour \u00eatre admissible \u00e0 une d\u00e9claration, votre article doit\u2026","rel":"","context":"Similar post","block_context":{"text":"Similar post","link":""},"img":{"alt_text":"","src":"","width":0,"height":0},"classes":[]},{"id":221664,"url":"https:\/\/mamavitalicious.com\/fr\/a-propos-de-nous\/","url_meta":{"origin":221450,"position":2},"title":"\u00c0 propos de nous","author":"Mama Vitalicious","date":"1 D\u00e9cembre 2025","format":false,"excerpt":"","rel":"","context":"Similar post","block_context":{"text":"Similar post","link":""},"img":{"alt_text":"\u00c0 propos de nous - Mama vitalicious","src":"https:\/\/i0.wp.com\/mamavitalicious.com\/wp-content\/uploads\/2025\/11\/about-us-Mama-Vitalicious-6.jpg?resize=350%2C200&ssl=1","width":350,"height":200,"srcset":"https:\/\/i0.wp.com\/mamavitalicious.com\/wp-content\/uploads\/2025\/11\/about-us-Mama-Vitalicious-6.jpg?resize=350%2C200&ssl=1 1x, https:\/\/i0.wp.com\/mamavitalicious.com\/wp-content\/uploads\/2025\/11\/about-us-Mama-Vitalicious-6.jpg?resize=525%2C300&ssl=1 1.5x, https:\/\/i0.wp.com\/mamavitalicious.com\/wp-content\/uploads\/2025\/11\/about-us-Mama-Vitalicious-6.jpg?resize=700%2C400&ssl=1 2x, https:\/\/i0.wp.com\/mamavitalicious.com\/wp-content\/uploads\/2025\/11\/about-us-Mama-Vitalicious-6.jpg?resize=1050%2C600&ssl=1 3x, https:\/\/i0.wp.com\/mamavitalicious.com\/wp-content\/uploads\/2025\/11\/about-us-Mama-Vitalicious-6.jpg?resize=1400%2C800&ssl=1 4x"},"classes":[]}],"_links":{"self":[{"href":"https:\/\/mamavitalicious.com\/fr\/wp-json\/wp\/v2\/pages\/221450","targetHints":{"allow":["GET"]}}],"collection":[{"href":"https:\/\/mamavitalicious.com\/fr\/wp-json\/wp\/v2\/pages"}],"about":[{"href":"https:\/\/mamavitalicious.com\/fr\/wp-json\/wp\/v2\/types\/page"}],"author":[{"embeddable":true,"href":"https:\/\/mamavitalicious.com\/fr\/wp-json\/wp\/v2\/users\/2"}],"replies":[{"embeddable":true,"href":"https:\/\/mamavitalicious.com\/fr\/wp-json\/wp\/v2\/comments?post=221450"}],"version-history":[{"count":1,"href":"https:\/\/mamavitalicious.com\/fr\/wp-json\/wp\/v2\/pages\/221450\/revisions"}],"predecessor-version":[{"id":221451,"href":"https:\/\/mamavitalicious.com\/fr\/wp-json\/wp\/v2\/pages\/221450\/revisions\/221451"}],"wp:attachment":[{"href":"https:\/\/mamavitalicious.com\/fr\/wp-json\/wp\/v2\/media?parent=221450"}],"curies":[{"name":"wp","href":"https:\/\/api.w.org\/{rel}","templated":true}]}}