{"id":221456,"date":"2022-07-20T12:45:48","date_gmt":"2022-07-20T16:45:48","guid":{"rendered":"https:\/\/mamavitalicious.com\/accueil\/"},"modified":"2026-03-06T12:32:07","modified_gmt":"2026-03-06T17:32:07","slug":"accueil","status":"publish","type":"page","link":"https:\/\/mamavitalicious.com\/fr\/","title":{"rendered":"Accueil"},"content":{"rendered":"<div class=\"et_pb_section_0 et_pb_section et_pb_fullwidth_section et_section_regular et_block_section\">\n<section class=\"et_pb_fullwidth_header_0 et_pb_fullwidth_header et_pb_bg_layout_dark et_pb_text_align_left et_pb_section_parallax et_pb_module et_flex_module\"><span class=\"et-pb-parallax-wrapper\"><span class=\"et-pb-parallax-background et-pb-parallax-background-module--divi-fullwidth-header-0 et_parallax_bg_phone_exist\" style=\"background-image:url(https:\/\/mamavitalicious.com\/wp-content\/uploads\/2025\/10\/5.jpg)\"><\/span><span class=\"et_parallax_gradient et_parallax_gradient_phone_exist\" style=\"background-image:linear-gradient(90deg, rgba(0,0,0,0.75) 0%,rgba(0,0,0,0) 100% 100%)\"><\/span><\/span><span class=\"et-pb-parallax-wrapper\"><span class=\"et-pb-parallax-background et-pb-parallax-background_phone et-pb-parallax-background_phone-module--divi-fullwidth-header-0\" style=\"background-image:url(https:\/\/mamavitalicious.com\/wp-content\/uploads\/2025\/10\/5.jpg)\"><\/span><span class=\"et_parallax_gradient et_parallax_gradient_phone\" style=\"background-image:linear-gradient(180deg, rgba(0,0,0,0.75) 28%,rgba(0,0,0,0) 98% 100%)\"><\/span><\/span><div class=\"et_pb_fullwidth_header_container left\"><div class=\"header-content-container center\"><div class=\"header-content et_flex_module\"><h1 class=\"et_pb_module_header\">Agissez avec intention. Vivre avec vitalit\u00e9 <\/h1><div class=\"et_pb_header_content_wrapper\"><p data-start=\"1126\" data-end=\"1204\" style=\"text-align: left;\">Chez Mama Vitalicious, on ne cherche pas la perfection, On s\u2019adapte!<\/p>\n<p data-start=\"1206\" data-end=\"1362\" style=\"text-align: left;\">On s\u2019adapte aux horaires trop pleins, aux journ\u00e9es o\u00f9 l\u2019\u00e9nergie est plus basse, aux enfants qui grandissent trop vite et aussi aux journ\u00e9es pas parfaites.<\/p>\n<p data-start=\"1364\" data-end=\"1575\" style=\"text-align: left;\">S\u2019adapter \u00e0 la parentalit\u00e9, c\u2019est choisir la simplicit\u00e9, sans culpabilit\u00e9 : Des repas sant\u00e9 rapides, des jeux faciles \u00e0 organiser et\u00a0des routines r\u00e9alistes pour les familles d\u2019aujourd\u2019hui.<\/p>\n<p data-start=\"1577\" data-end=\"1664\" style=\"text-align: left;\">Ici, on avance \u00e0 notre rythme, on fait de notre mieux. Et surtout\u2026 on s\u2019adapte.<\/p>\n<\/div><div class=\"et_pb_header_button_wrapper\"><a class=\"et_pb_button et_pb_more_button et_pb_button_one\" href=\"https:\/\/mamavitalicious.com\/fr\/recettes\/\">D\u00e9couvrez des recettes<\/a><a class=\"et_pb_button et_pb_more_button et_pb_button_two\" href=\"https:\/\/mamavitalicious.com\/fr\/jeux-et-activites\/\">Explorez les activit\u00e9s<\/a><\/div><\/div><\/div><\/div><div class=\"et_pb_fullwidth_header_overlay\"><\/div><div class=\"et_pb_fullwidth_header_scroll\"><\/div><\/section>\n<\/div>\n\n<div class=\"et_pb_section_1 et_pb_section et_section_regular et_block_section\">\n<div class=\"et_pb_row_0 et_pb_row et_block_row\">\n<div class=\"et_pb_column_0 et_pb_column et_pb_column_1_2 et_block_column et_pb_css_mix_blend_mode_passthrough\">\n<div class=\"et_pb_text_0 et_pb_text et_pb_bg_layout_light et_animated et_pb_module et_block_module\"><div class=\"et_pb_text_inner\"><h2><strong class=\"font-semibold\">Qui nous sommes<\/strong><\/h2>\n<\/div><\/div>\n\n<div class=\"et_pb_text_1 et_pb_text et_pb_bg_layout_light et_animated et_pb_module et_block_module preset--module--divi-text--2c55a9c4-feed-423b-9edb-ae0b5b365cac\"><div class=\"et_pb_text_inner\"><p data-start=\"1493\" data-end=\"1678\" style=\"text-align: left;\">Chez Mama Vitalicious, on est une famille qui croit que la vie est plus belle quand elle se vit ensemble \u2014 autour de la table, \u00e0 partager des repas, des rires et des histoires.<\/p>\n<p data-start=\"1680\" data-end=\"1932\" style=\"text-align: left;\">Chaque journ\u00e9e nous offre l\u2019occasion de faire de petits choix qui comptent : ce qu\u2019on mange, comment on bouge, comment on se connecte.<br data-start=\"1824\" data-end=\"1827\" \/>Ces moments-l\u00e0, m\u00eame les plus simples, nourrissent notre bien-\u00eatre et renforcent les liens familiaux.<\/p>\n<p data-start=\"1934\" data-end=\"2144\" style=\"text-align: left;\">Avec des recettes simples, savoureuses et nourrissantes, des jeux et activit\u00e9s le fun et\u00a0des habitudes de vie conscientes, on aide les familles \u00e0 b\u00e2tir des routines joyeuses, r\u00e9alistes et faciles \u00e0 suivre.<\/p>\n<p data-start=\"2146\" data-end=\"2314\" style=\"text-align: left;\">Notre approche est pratique, accessible et flexible, parce qu\u2019on sait que la vie avec des enfants, c\u2019est occup\u00e9, parfois chaotique\u2026 et toujours plein de surprises.<\/p>\n<p data-start=\"2316\" data-end=\"2483\" style=\"text-align: left;\">Au c\u0153ur de tout ce qu\u2019on fait, il y a l\u2019envie de ralentir, d\u2019appr\u00e9cier les petits moments et de cr\u00e9er une maison remplie de vitalit\u00e9 de rires et de connexion.<\/p>\n<p data-start=\"2485\" data-end=\"2547\" style=\"text-align: left;\">Ici, l\u2019important, c\u2019est de profiter de la vie, ensemble<\/p>\n<\/div><\/div>\n\n<div class=\"et_pb_module et_pb_button_module_wrapper et_pb_button_0_wrapper preset--module--divi-button--7xn8msdk6m_wrapper\"><a class=\"et_pb_button_0 et_pb_button et_pb_bg_layout_light et_animated et_pb_module et_block_module preset--module--divi-button--7xn8msdk6m\" href=\"https:\/\/mamavitalicious.com\/fr\/a-propos-de-nous\/\" data-icon=\"5\">En savoir plus<\/a><\/div>\n<\/div>\n\n<div class=\"et_pb_column_1 et_pb_column et_pb_column_1_2 et-last-child et_block_column et_pb_css_mix_blend_mode_passthrough\">\n<div class=\"et_pb_image_0 et_pb_image et_animated et_pb_module et_block_module preset--module--divi-image--1cc6152f-565c-4c4d-b0c9-cf8c9576c341\"><span class=\"et_pb_image_wrap\"><img loading=\"lazy\" decoding=\"async\" src=\"https:\/\/mamavitalicious.com\/wp-content\/uploads\/2025\/10\/Wellness-Mama-Vitalicious-1080-x-1080-px-2.jpg\" alt=\"Mama Vitalicious\" width=\"1080\" height=\"1080\" srcset=\"https:\/\/mamavitalicious.com\/wp-content\/uploads\/2025\/10\/Wellness-Mama-Vitalicious-1080-x-1080-px-2.jpg 1080w, https:\/\/mamavitalicious.com\/wp-content\/uploads\/2025\/10\/Wellness-Mama-Vitalicious-1080-x-1080-px-2-980x980.jpg 980w, https:\/\/mamavitalicious.com\/wp-content\/uploads\/2025\/10\/Wellness-Mama-Vitalicious-1080-x-1080-px-2-480x480.jpg 480w\" sizes=\"(min-width: 0px) and (max-width: 480px) 480px, (min-width: 481px) and (max-width: 980px) 980px, (min-width: 981px) 1080px, 100vw\" class=\"wp-image-182\" title=\"800x800\" \/><\/span><\/div>\n<\/div>\n<\/div>\n<\/div>\n\n<div class=\"et_pb_section_2 et_pb_section et_section_regular et_block_section\">\n<div class=\"et_pb_row_1 et_pb_row et_block_row\">\n<div class=\"et_pb_column_2 et_pb_column et_pb_column_1_3 et_block_column et_pb_css_mix_blend_mode_passthrough\">\n<div class=\"et_pb_text_2 et_pb_text et_pb_bg_layout_light et_animated et_pb_module et_block_module\"><div class=\"et_pb_text_inner\"><h2><strong class=\"font-semibold\">Ce que nous offrons<\/strong><\/h2>\n<\/div><\/div>\n<\/div>\n\n<div class=\"et_pb_column_3 et_pb_column et_pb_column_2_3 et-last-child et_block_column et_pb_css_mix_blend_mode_passthrough\">\n<div class=\"et_pb_text_3 et_pb_text et_pb_bg_layout_light et_animated et_pb_module et_block_module\"><div class=\"et_pb_text_inner\"><p data-start=\"301\" data-end=\"404\">Chez Mama Vitalicious, nous proposons un chemin vers une vie plus calme, saine et consciente.<\/p>\n<p data-start=\"406\" data-end=\"699\">Gr\u00e2ce \u00e0 une \u00e9ducation alimentaire simple, des id\u00e9es de repas nourrissants, des outils pratiques pour toute la famille et des habitudes de bien-\u00eatre au quotidien, nous vous aidons \u00e0 faire des choix qui favorisent la sant\u00e9 \u00e0 long terme et une vie familiale \u00e9panouissante.<\/p>\n<p data-start=\"701\" data-end=\"1050\">De l\u2019interpr\u00e9tation des \u00e9tiquettes \u00e0 la cr\u00e9ation de plats \u00e9quilibr\u00e9s, des routines conscientes aux moments ludiques autour de la table, tout ce que nous partageons vise \u00e0 accompagner les parents et familles occup\u00e9s pour nourrir leur corps, simplifier leur quotidien, et d\u00e9velopper la vitalit\u00e9, un petit pas \u00e0 la fois.<\/p>\n<\/div><\/div>\n<\/div>\n<\/div>\n\n<div class=\"et_pb_row_2 et_pb_row et_block_row et_animated\">\n<div class=\"et_pb_column_4 et_pb_column et_pb_column_1_3 et_block_column et_pb_css_mix_blend_mode_passthrough\">\n<div class=\"et_pb_text_4 et_pb_text et_pb_bg_layout_light et_animated et_pb_module et_block_module\"><div class=\"et_pb_text_inner\"><h3>Recettes rapides<\/h3>\n<\/div><\/div>\n\n<div class=\"et_pb_text_5 et_pb_text et_pb_bg_layout_light et_animated et_pb_module et_block_module\"><div class=\"et_pb_text_inner\"><p>D\u00e9couvrez des recettes \u00e9quilibr\u00e9es, rapides et savoureuses, faites avec des ingr\u00e9dients simples et sans additifs inutiles.<\/p>\n<\/div><\/div>\n\n<div class=\"et_pb_module et_pb_button_module_wrapper et_pb_button_1_wrapper preset--module--divi-button--7xn8msdk6m_wrapper\"><a class=\"et_pb_button_1 et_pb_button et_pb_bg_layout_light et_pb_module et_block_module preset--module--divi-button--7xn8msdk6m\" href=\"https:\/\/mamavitalicious.com\/fr\/recettes\/\" target=\"_blank\" data-icon=\"5\">Inspirez-vous<\/a><\/div>\n<\/div>\n\n<div class=\"et_pb_column_5 et_pb_column et_pb_column_1_3 et_block_column et_pb_css_mix_blend_mode_passthrough\">\n<div class=\"et_pb_text_6 et_pb_text et_pb_bg_layout_light et_animated et_pb_module et_block_module\"><div class=\"et_pb_text_inner\"><h3>Conseils nutritionnels<\/h3>\n<\/div><\/div>\n\n<div class=\"et_pb_text_7 et_pb_text et_pb_bg_layout_light et_animated et_pb_module et_block_module\"><div class=\"et_pb_text_inner\"><p>Identifiez les additifs nocifs et les \u00e9l\u00e9ments n\u00e9gatifs cach\u00e9s dans votre alimentation afin de faire des choix plus sains et \u00e9clair\u00e9s.<\/p>\n<\/div><\/div>\n\n<div class=\"et_pb_module et_pb_button_module_wrapper et_pb_button_2_wrapper preset--module--divi-button--7xn8msdk6m_wrapper\"><a class=\"et_pb_button_2 et_pb_button et_pb_bg_layout_light et_pb_module et_block_module preset--module--divi-button--7xn8msdk6m\" href=\"https:\/\/mamavitalicious.com\/fr\/blog\/\" target=\"_blank\" data-icon=\"5\">Derniers conseils<\/a><\/div>\n<\/div>\n\n<div class=\"et_pb_column_6 et_pb_column et_pb_column_1_3 et-last-child et_block_column et_pb_css_mix_blend_mode_passthrough\">\n<div class=\"et_pb_text_8 et_pb_text et_pb_bg_layout_light et_animated et_pb_module et_block_module\"><div class=\"et_pb_text_inner\"><h3>Jeux et activit\u00e9s<\/h3>\n<\/div><\/div>\n\n<div class=\"et_pb_text_9 et_pb_text et_pb_bg_layout_light et_animated et_pb_module et_block_module\"><div class=\"et_pb_text_inner\"><p>Rassemblez votre famille avec des jeux amusants et des activit\u00e9s conscientes pour des repas joyeux et du temps de qualit\u00e9.<\/p>\n<\/div><\/div>\n\n<div class=\"et_pb_module et_pb_button_module_wrapper et_pb_button_3_wrapper preset--module--divi-button--7xn8msdk6m_wrapper\"><a class=\"et_pb_button_3 et_pb_button et_pb_bg_layout_light et_pb_module et_block_module preset--module--divi-button--7xn8msdk6m\" href=\"https:\/\/mamavitalicious.com\/fr\/jeux-et-activites\/\" target=\"_blank\" data-icon=\"5\">Explorez les activit\u00e9s<\/a><\/div>\n<\/div>\n<\/div>\n<\/div>\n\n<div class=\"et_pb_section_3 et_pb_section et_section_regular et_flex_section\">\n<div class=\"et_pb_row_3 et_pb_row et_grid_row\">\n<div class=\"et_pb_column_7 et_pb_column et_flex_column et_pb_css_mix_blend_mode_passthrough\">\n<div class=\"et_pb_heading_0 et_pb_heading et_pb_module et_block_module\"><div class=\"et_pb_heading_container\"><h2 class=\"et_pb_module_header\">Recettes<\/h2><\/div><\/div>\n\n<div class=\"et_pb_text_10 et_pb_text et_pb_bg_layout_light et_pb_module et_block_module\"><div class=\"et_pb_text_inner\"><p>D\u00e9couvrez des recettes faibles en additifs pour aider \u00e0 pr\u00e9venir le cancer et promouvoir des habitudes alimentaires plus saines pour vous et votre famille. Commencez \u00e0 transformer votre fa\u00e7on de manger d\u00e8s aujourd\u2019hui! <\/p>\n<\/div><\/div>\n\n<div class=\"et_pb_module et_pb_button_module_wrapper et_pb_button_4_wrapper\"><a class=\"et_pb_button_4 et_pb_button et_pb_bg_layout_light et_pb_module et_block_module\" href=\"https:\/\/mamavitalicious.com\/fr\/recettes\/\" target=\"_blank\">Lire la suite<\/a><\/div>\n<\/div>\n\n<div class=\"et_pb_column_8 et_pb_column et_flex_column et_pb_css_mix_blend_mode_passthrough\">\n<div class=\"et_pb_image_1 et_pb_image et_pb_module et_block_module\"><span class=\"et_pb_image_wrap\"><img loading=\"lazy\" decoding=\"async\" src=\"https:\/\/mamavitalicious.com\/wp-content\/uploads\/2025\/10\/Mama-Vitalicious-Icon-Purple-Logo-transparent.png\" width=\"1000\" height=\"1000\" srcset=\"https:\/\/mamavitalicious.com\/wp-content\/uploads\/2025\/10\/Mama-Vitalicious-Icon-Purple-Logo-transparent.png 1000w, https:\/\/mamavitalicious.com\/wp-content\/uploads\/2025\/10\/Mama-Vitalicious-Icon-Purple-Logo-transparent-980x980.png 980w, https:\/\/mamavitalicious.com\/wp-content\/uploads\/2025\/10\/Mama-Vitalicious-Icon-Purple-Logo-transparent-480x480.png 480w\" sizes=\"(min-width: 0px) and (max-width: 480px) 480px, (min-width: 481px) and (max-width: 980px) 980px, (min-width: 981px) 1000px, 100vw\" class=\"wp-image-166\" \/><\/span><\/div>\n\n<div class=\"et_pb_heading_1 et_pb_heading et_pb_module et_block_module\"><div class=\"et_pb_heading_container\"><h1 class=\"et_pb_module_header\">D\u00e9coder, choisir, cuisiner : vers une alimentation consciente<\/h1><\/div><\/div>\n\n<div class=\"et_pb_text_11 et_pb_text et_pb_bg_layout_light et_pb_module et_block_module\"><div class=\"et_pb_text_inner\"><p>Changer notre fa\u00e7on de manger, c\u2019est changer notre avenir. Avec Mama Vitalicious, d\u00e9couvrez comment faire des choix simples et naturels, r\u00e9duire les additifs et cuisiner avec plaisir, pour une sant\u00e9 durable et des aliments qui rassemblent les gens. <\/p>\n<\/div><\/div>\n\n<div class=\"et_pb_module et_pb_button_module_wrapper et_pb_button_5_wrapper\"><a class=\"et_pb_button_5 et_pb_button et_pb_bg_layout_light et_pb_module et_block_module\" href=\"https:\/\/mamavitalicious.com\/fr\/blog\/\" target=\"_blank\" data-icon=\"$\">Lire la suite<\/a><\/div>\n<\/div>\n\n<div class=\"et_pb_column_9 et_pb_column et_flex_column et_pb_css_mix_blend_mode_passthrough\">\n<div class=\"et_pb_divider_0 et_pb_divider_hidden et_pb_space et_pb_divider_position_top et_pb_module\"><div class=\"et_pb_divider_internal\"><\/div><\/div>\n<\/div>\n\n<div class=\"et_pb_column_10 et_pb_column et_flex_column et_pb_column_empty et_pb_css_mix_blend_mode_passthrough\"><\/div>\n\n<div class=\"et_pb_column_11 et_pb_column et-last-child et_flex_column et_pb_css_mix_blend_mode_passthrough\">\n<div class=\"et_pb_divider_1 et_pb_divider_hidden et_pb_space et_pb_divider_position_top et_pb_module\"><div class=\"et_pb_divider_internal\"><\/div><\/div>\n<\/div>\n<\/div>\n<\/div>\n\n<div class=\"et_pb_section_4 et_pb_section et_section_regular et_block_section et_pb_section_parallax\"><span class=\"et-pb-parallax-wrapper\"><span class=\"et-pb-parallax-background et-pb-parallax-background-module--divi-section-4\" style=\"background-image:url(https:\/\/mamavitalicious.com\/wp-content\/uploads\/2025\/10\/background-texture.png)\"><\/span><\/span>\n<div class=\"et_pb_row_4 et_pb_row et_block_row\">\n<div class=\"et_pb_column_12 et_pb_column et_pb_column_4_4 et-last-child et_block_column et_pb_css_mix_blend_mode_passthrough\">\n<div class=\"et_pb_signup_0 et_pb_signup et_pb_newsletter et_pb_subscribe et_pb_newsletter_description_no_content et_pb_bg_layout_light et_pb_module et_flex_module\"><div class=\"et_pb_newsletter_description\"><h2 class=\"et_pb_module_header\">Abonnez-vous \u00e0 notre infolettre<\/h2><\/div><div class=\"et_pb_newsletter_form\"><form method=\"post\" class=\"\"><div class=\"et_pb_newsletter_result et_pb_newsletter_error\"><\/div><div class=\"et_pb_newsletter_result et_pb_newsletter_success\"><h2>Success!<\/h2><\/div><div class=\"et_pb_newsletter_fields et_flex_module\"><p class=\"et_pb_newsletter_field et_pb_contact_field_last et_pb_contact_field_last_tablet et_pb_contact_field_last_phone\"><label class=\"et_pb_contact_form_label\" for=\"et_pb_signup_firstname\" style=\"display: none;\">Name<\/label><input class=\"input\" id=\"et_pb_signup_firstname\" type=\"text\" placeholder=\"Name\" name=\"et_pb_signup_firstname\" \/><\/p><p class=\"et_pb_newsletter_field et_pb_contact_field_last et_pb_contact_field_last_tablet et_pb_contact_field_last_phone\"><label class=\"et_pb_contact_form_label\" for=\"et_pb_signup_email\" style=\"display: none;\">Email<\/label><input class=\"input\" id=\"et_pb_signup_email\" type=\"text\" placeholder=\"Email\" name=\"et_pb_signup_email\" \/><\/p><p class=\"et_pb_newsletter_button_wrap\"><a class=\"et_pb_button et_pb_newsletter_button\" href=\"#\"><span class=\"et_subscribe_loader\"><\/span><span class=\"et_pb_newsletter_button_text\">Abonnez-vous maintenant<\/span><\/a><\/p><\/div><input type=\"hidden\" name=\"et_pb_signup_provider\" value=\"mailchimp\" \/><input type=\"hidden\" name=\"et_pb_signup_list_id\" value=\"03dac884f0\" \/><input type=\"hidden\" name=\"et_pb_signup_account_name\" value=\"MailChimp\" \/><input type=\"hidden\" name=\"et_pb_signup_ip_address\" value=\"true\" \/><input type=\"hidden\" name=\"et_pb_signup_checksum\" value=\"ce395d921ad613c0f1ef71c7326e58bd\" \/><\/form><\/div><\/div>\n<\/div>\n<\/div>\n<\/div>","protected":false},"excerpt":{"rendered":"","protected":false},"author":2,"featured_media":221434,"parent":0,"menu_order":0,"comment_status":"closed","ping_status":"closed","template":"","meta":{"footnotes":""},"class_list":["post-221456","page","type-page","status-publish","has-post-thumbnail","hentry"],"jetpack_sharing_enabled":true,"jetpack-related-posts":[],"_links":{"self":[{"href":"https:\/\/mamavitalicious.com\/fr\/wp-json\/wp\/v2\/pages\/221456","targetHints":{"allow":["GET"]}}],"collection":[{"href":"https:\/\/mamavitalicious.com\/fr\/wp-json\/wp\/v2\/pages"}],"about":[{"href":"https:\/\/mamavitalicious.com\/fr\/wp-json\/wp\/v2\/types\/page"}],"author":[{"embeddable":true,"href":"https:\/\/mamavitalicious.com\/fr\/wp-json\/wp\/v2\/users\/2"}],"replies":[{"embeddable":true,"href":"https:\/\/mamavitalicious.com\/fr\/wp-json\/wp\/v2\/comments?post=221456"}],"version-history":[{"count":14,"href":"https:\/\/mamavitalicious.com\/fr\/wp-json\/wp\/v2\/pages\/221456\/revisions"}],"predecessor-version":[{"id":222438,"href":"https:\/\/mamavitalicious.com\/fr\/wp-json\/wp\/v2\/pages\/221456\/revisions\/222438"}],"wp:featuredmedia":[{"embeddable":true,"href":"https:\/\/mamavitalicious.com\/fr\/wp-json\/wp\/v2\/media\/221434"}],"wp:attachment":[{"href":"https:\/\/mamavitalicious.com\/fr\/wp-json\/wp\/v2\/media?parent=221456"}],"curies":[{"name":"wp","href":"https:\/\/api.w.org\/{rel}","templated":true}]}}