{"id":221664,"date":"2025-12-01T12:54:26","date_gmt":"2025-12-01T17:54:26","guid":{"rendered":"https:\/\/mamavitalicious.com\/a-propos-de-nous\/"},"modified":"2026-01-09T11:58:39","modified_gmt":"2026-01-09T16:58:39","slug":"a-propos-de-nous","status":"publish","type":"page","link":"https:\/\/mamavitalicious.com\/fr\/a-propos-de-nous\/","title":{"rendered":"\u00c0 propos de nous"},"content":{"rendered":"<div class=\"et_pb_section_0 et_pb_section et_pb_fullwidth_section et_section_regular et_block_section\">\n<section class=\"et_pb_fullwidth_header_0 et_pb_fullwidth_header et_pb_bg_layout_dark et_pb_text_align_left et_pb_section_parallax et_pb_module et_flex_module\"><span class=\"et-pb-parallax-wrapper\"><span class=\"et-pb-parallax-background et-pb-parallax-background-module--divi-fullwidth-header-0 et_parallax_bg_phone_exist\" style=\"background-image:url(https:\/\/mamavitalicious.com\/wp-content\/uploads\/2025\/11\/about-us-Mama-Vitalicious-6.jpg)\"><\/span><span class=\"et_parallax_gradient et_parallax_gradient_phone_exist\" style=\"background-image:linear-gradient(90deg, rgba(0,0,0,0.75) 0%,rgba(0,0,0,0) 100% 100%)\"><\/span><\/span><span class=\"et-pb-parallax-wrapper\"><span class=\"et-pb-parallax-background et-pb-parallax-background_phone et-pb-parallax-background_phone-module--divi-fullwidth-header-0\" style=\"background-image:url(https:\/\/mamavitalicious.com\/wp-content\/uploads\/2025\/11\/about-us-Mama-Vitalicious-6.jpg)\"><\/span><span class=\"et_parallax_gradient et_parallax_gradient_phone\" style=\"background-image:linear-gradient(180deg, rgba(0,0,0,0.75) 28%,rgba(0,0,0,0) 98% 100%)\"><\/span><\/span><div class=\"et_pb_fullwidth_header_container left\"><div class=\"header-content-container center\"><div class=\"header-content et_flex_module\"><h1 class=\"et_pb_module_header\">Agissez avec intention. Vivre avec vitalit\u00e9 <\/h1><div class=\"et_pb_header_content_wrapper\"><div dir=\"auto\">\n<p>Chez Mama Vitalicious, on ne vise pas la perfection. On s'adapte !<\/p>\n<p>On s'adapte aux emplois du temps charg\u00e9s, aux baisses d'\u00e9nergie, aux enfants qui grandissent et aux journ\u00e9es imparfaites.<\/p>\n<p>S'adapter \u00e0 la parentalit\u00e9, c'est choisir la simplicit\u00e9 sans culpabilit\u00e9 : des repas sains et rapides, des jeux faciles \u00e0 mettre en place et des routines r\u00e9alistes pour les familles modernes.<\/p>\n<p>Ici, on avance \u00e0 notre propre rythme, on fait de notre mieux et, surtout, on s'adapte.<\/p>\n<\/div>\n<\/div><div class=\"et_pb_header_button_wrapper\"><a class=\"et_pb_button et_pb_more_button et_pb_button_one\" href=\"https:\/\/mamavitalicious.com\/fr\/recettes\/\">D\u00e9couvrez des recettes<\/a><a class=\"et_pb_button et_pb_more_button et_pb_button_two\" href=\"https:\/\/mamavitalicious.com\/fr\/blogue\/\">D\u00e9couvrez des conseils de bien-\u00eatre<\/a><\/div><\/div><\/div><\/div><div class=\"et_pb_fullwidth_header_overlay\"><\/div><div class=\"et_pb_fullwidth_header_scroll\"><\/div><\/section>\n<\/div>\n\n<div class=\"et_pb_section_1 et_pb_section et_section_regular et_block_section\">\n<div class=\"et_pb_row_0 et_pb_row et_block_row\">\n<div class=\"et_pb_column_0 et_pb_column et_pb_column_1_3 et_block_column et_pb_css_mix_blend_mode_passthrough\">\n<div class=\"et_pb_text_0 et_pb_text et_pb_bg_layout_light et_animated et_pb_module et_block_module\"><div class=\"et_pb_text_inner\"><h2><strong class=\"font-semibold\">Notre histoire<\/strong><\/h2>\n<\/div><\/div>\n<\/div>\n\n<div class=\"et_pb_column_1 et_pb_column et_pb_column_2_3 et-last-child et_block_column et_pb_css_mix_blend_mode_passthrough\">\n<div class=\"et_pb_text_1 et_pb_text et_pb_bg_layout_light et_animated et_pb_module et_block_module\"><div class=\"et_pb_text_inner\"><p class=\"text-md font-regular leading-[24px] pb-xxs pt-[9px]\" dir=\"ltr\"><span>Mama Vitalicious est n\u00e9e \u00e0 une table de cuisine, entre des jouets \u00e9parpill\u00e9s, des listes \u00e0 moiti\u00e9 \u00e9crites et ce sentiment familier d\u2019essayer de tout tenir ensemble. En tant que parent, je cherchais des moyens simples de bien nourrir ma famille, de rester organis\u00e9e et d\u2019apporter plus de joie et de connexion dans nos journ\u00e9es bien remplies.   <\/span><\/p>\n<p class=\"text-md font-regular leading-[24px] pb-xxs pt-[9px]\" dir=\"ltr\"><span>En chemin, j\u2019ai r\u00e9alis\u00e9 quelque chose de plus grand : dans un monde d\u00e9bordant de choix et de bruit constant, on perd ce qui compte le plus : la pr\u00e9sence, l\u2019intention et les petits moments qui nourrissent l\u2019\u00e2me. Un examen de sant\u00e9 de routine m\u2019a rappel\u00e9 comment les plus petits choix quotidiens fa\u00e7onnent notre bien-\u00eatre. Une maman qui a scann\u00e9 les labels \u00e0 l\u2019\u00e9picerie m\u2019a rappel\u00e9 qu\u2019on fait tous de notre mieux, juste pour avoir de la clart\u00e9.  <\/span><\/p>\n<p class=\"text-md font-regular leading-[24px] pb-xxs pt-[9px]\" dir=\"ltr\"><span>J\u2019ai donc transform\u00e9 mon projet personnel en un espace chaleureux et pratique pour des familles comme la mienne. Mama Vitalicious est pass\u00e9 d\u2019un simple planificateur de repas \u00e0 une collection de guides, de recettes, de jeux et d\u2019outils de bien-\u00eatre con\u00e7us pour rendre la vie quotidienne plus l\u00e9g\u00e8re, plus saine et plus significative. <\/span><\/p>\n<p class=\"text-md font-regular leading-[24px] pb-xxs pt-[9px]\" dir=\"ltr\"><span>Mon espoir est simple : aider les familles \u00e0 ralentir, \u00e0 se reconnecter et \u00e0 apporter un peu plus de vitalit\u00e9 \u00e0 chaque journ\u00e9e. Une bouch\u00e9e, un souffle, un moment partag\u00e9 \u00e0 la fois. Bienvenue chez Mama Vitalicious!  <\/span><\/p>\n<\/div><\/div>\n<\/div>\n<\/div>\n\n<div class=\"et_pb_row_1 et_pb_row et_block_row\">\n<div class=\"et_pb_column_2 et_pb_column et_pb_column_1_3 et_block_column et_pb_css_mix_blend_mode_passthrough\">\n<div class=\"et_pb_text_2 et_pb_text et_pb_bg_layout_light et_animated et_pb_module et_block_module\"><div class=\"et_pb_text_inner\"><h2><strong class=\"font-semibold\">Notre mission<\/strong><\/h2>\n<\/div><\/div>\n<\/div>\n\n<div class=\"et_pb_column_3 et_pb_column et_pb_column_2_3 et-last-child et_block_column et_pb_css_mix_blend_mode_passthrough\">\n<div class=\"et_pb_text_3 et_pb_text et_pb_bg_layout_light et_animated et_pb_module et_block_module\"><div class=\"et_pb_text_inner\"><p data-start=\"234\" data-end=\"567\">Mama Vitalicious existe pour offrir aux parents des outils, des conseils et de l\u2019inspiration afin de cultiver une vie familiale \u00e9quilibr\u00e9e et joyeuse. Nous nous concentrons sur la transformation des routines quotidiennes en occasions de soin, d\u2019apprentissage et de connexion, que ce soit gr\u00e2ce \u00e0 une planification r\u00e9fl\u00e9chie des repas, des activit\u00e9s conscientes ou de petites pratiques de bien-\u00eatre.<\/p>\n<p data-start=\"569\" data-end=\"784\">Notre mission est de rendre le soutien pratique accessible, significatif et valorisant, en aidant les familles \u00e0 se sentir confiantes, organis\u00e9es et habilit\u00e9es \u00e0 prendre soin \u00e0 la fois de leur propre bien-\u00eatre et celui de ceux qu\u2019elles aiment.<\/p>\n<\/div><\/div>\n<\/div>\n<\/div>\n\n<div class=\"et_pb_row_2 et_pb_row et_block_row\">\n<div class=\"et_pb_column_4 et_pb_column et_pb_column_1_3 et_block_column et_pb_css_mix_blend_mode_passthrough\">\n<div class=\"et_pb_text_4 et_pb_text et_pb_bg_layout_light et_animated et_pb_module et_block_module\"><div class=\"et_pb_text_inner\"><h2><strong class=\"font-semibold\">Notre vision<\/strong><\/h2>\n<\/div><\/div>\n<\/div>\n\n<div class=\"et_pb_column_5 et_pb_column et_pb_column_2_3 et-last-child et_block_column et_pb_css_mix_blend_mode_passthrough\">\n<div class=\"et_pb_text_5 et_pb_text et_pb_bg_layout_light et_animated et_pb_module et_block_module\"><div class=\"et_pb_text_inner\"><p data-start=\"150\" data-end=\"507\">Nous imaginons un monde o\u00f9 les familles peuvent vivre avec intention, joie et \u00e9quilibre, o\u00f9 le bien-\u00eatre n\u2019est pas une aspiration, mais une partie naturelle de la vie quotidienne. Mama Vitalicious vise \u00e0 cr\u00e9er des espaces, des outils et des exp\u00e9riences qui facilitent les choix conscients des parents, renforcent les liens familiaux et cultivent des habitudes qui nourrissent \u00e0 la fois le corps et l\u2019esprit. <\/p>\n<p data-start=\"509\" data-end=\"718\">Notre vision est simple : une vie o\u00f9 les routines quotidiennes deviennent des occasions de soins, de rires, d\u2019apprentissage et de pr\u00e9sence!<\/p>\n<\/div><\/div>\n<\/div>\n<\/div>\n\n<div class=\"et_pb_row_3 et_pb_row et_block_row et_animated\">\n<div class=\"et_pb_column_6 et_pb_column et_pb_column_1_3 et_block_column et_pb_css_mix_blend_mode_passthrough\">\n<div class=\"et_pb_text_6 et_pb_text et_pb_bg_layout_light et_animated et_pb_module et_block_module\"><div class=\"et_pb_text_inner\"><h3>Recettes rapides<\/h3>\n<\/div><\/div>\n\n<div class=\"et_pb_text_7 et_pb_text et_pb_bg_layout_light et_animated et_pb_module et_block_module\"><div class=\"et_pb_text_inner\"><p>D\u00e9couvrez des recettes \u00e9quilibr\u00e9es, rapides et savoureuses, faites avec des ingr\u00e9dients simples et sans additifs inutiles.<\/p>\n<\/div><\/div>\n\n<div class=\"et_pb_module et_pb_button_module_wrapper et_pb_button_0_wrapper preset--module--divi-button--7xn8msdk6m_wrapper\"><a class=\"et_pb_button_0 et_pb_button et_pb_bg_layout_light et_pb_module et_block_module preset--module--divi-button--7xn8msdk6m\" href=\"https:\/\/mamavitalicious.com\/recipes\/\" data-icon=\"5\">Inspirez-vous<\/a><\/div>\n<\/div>\n\n<div class=\"et_pb_column_7 et_pb_column et_pb_column_1_3 et_block_column et_pb_css_mix_blend_mode_passthrough\">\n<div class=\"et_pb_text_8 et_pb_text et_pb_bg_layout_light et_animated et_pb_module et_block_module\"><div class=\"et_pb_text_inner\"><h3>Conseils nutritionnels<\/h3>\n<\/div><\/div>\n\n<div class=\"et_pb_text_9 et_pb_text et_pb_bg_layout_light et_animated et_pb_module et_block_module\"><div class=\"et_pb_text_inner\"><p>Identifiez les additifs nocifs et les \u00e9l\u00e9ments n\u00e9gatifs cach\u00e9s dans votre alimentation afin de faire des choix plus sains et \u00e9clair\u00e9s.  <\/p>\n<\/div><\/div>\n\n<div class=\"et_pb_module et_pb_button_module_wrapper et_pb_button_1_wrapper preset--module--divi-button--7xn8msdk6m_wrapper\"><a class=\"et_pb_button_1 et_pb_button et_pb_bg_layout_light et_pb_module et_block_module preset--module--divi-button--7xn8msdk6m\" href=\"https:\/\/mamavitalicious.com\/blog\/\" data-icon=\"5\">Derniers conseils<\/a><\/div>\n<\/div>\n\n<div class=\"et_pb_column_8 et_pb_column et_pb_column_1_3 et-last-child et_block_column et_pb_css_mix_blend_mode_passthrough\">\n<div class=\"et_pb_text_10 et_pb_text et_pb_bg_layout_light et_animated et_pb_module et_block_module\"><div class=\"et_pb_text_inner\"><h3>Jeux et activit\u00e9s<\/h3>\n<\/div><\/div>\n\n<div class=\"et_pb_text_11 et_pb_text et_pb_bg_layout_light et_animated et_pb_module et_block_module\"><div class=\"et_pb_text_inner\"><p>Rassemblez votre famille avec des jeux amusants et des activit\u00e9s conscientes pour des repas joyeux et du temps de qualit\u00e9.<\/p>\n<\/div><\/div>\n\n<div class=\"et_pb_module et_pb_button_module_wrapper et_pb_button_2_wrapper preset--module--divi-button--7xn8msdk6m_wrapper\"><a class=\"et_pb_button_2 et_pb_button et_pb_bg_layout_light et_pb_module et_block_module preset--module--divi-button--7xn8msdk6m\" href=\"https:\/\/mamavitalicious.com\/moveplay\/\" data-icon=\"5\">Explorer les jeux<\/a><\/div>\n<\/div>\n<\/div>\n<\/div>\n\n<div class=\"et_pb_section_2 et_pb_section et_section_regular et_flex_section\">\n<div class=\"et_pb_row_4 et_pb_row et_grid_row\">\n<div class=\"et_pb_column_9 et_pb_column et_flex_column et_pb_css_mix_blend_mode_passthrough\">\n<div class=\"et_pb_heading_0 et_pb_heading et_pb_module et_block_module\"><div class=\"et_pb_heading_container\"><h2 class=\"et_pb_module_header\">Recettes<\/h2><\/div><\/div>\n\n<div class=\"et_pb_text_12 et_pb_text et_pb_bg_layout_light et_pb_module et_block_module\"><div class=\"et_pb_text_inner\"><p>D\u00e9couvrez des recettes faibles en additifs et riches en nutriments pour adopter des habitudes alimentaires plus saines pour vous et votre famille. Commencez \u00e0 transformer votre fa\u00e7on de manger d\u00e8s aujourd\u2019hui!<\/p>\n<\/div><\/div>\n\n<div class=\"et_pb_module et_pb_button_module_wrapper et_pb_button_3_wrapper\"><a class=\"et_pb_button_3 et_pb_button et_pb_bg_layout_light et_pb_module et_block_module\" href=\"https:\/\/mamavitalicious.com\/recipes\/\">Lire la suite<\/a><\/div>\n<\/div>\n\n<div class=\"et_pb_column_10 et_pb_column et_flex_column et_pb_css_mix_blend_mode_passthrough\">\n<div class=\"et_pb_image_0 et_pb_image et_pb_module et_block_module\"><span class=\"et_pb_image_wrap\"><img loading=\"lazy\" decoding=\"async\" src=\"https:\/\/mamavitalicious.com\/wp-content\/uploads\/2025\/10\/Mama-Vitalicious-Icon-Purple-Logo-transparent.png\" width=\"1000\" height=\"1000\" srcset=\"https:\/\/mamavitalicious.com\/wp-content\/uploads\/2025\/10\/Mama-Vitalicious-Icon-Purple-Logo-transparent.png 1000w, https:\/\/mamavitalicious.com\/wp-content\/uploads\/2025\/10\/Mama-Vitalicious-Icon-Purple-Logo-transparent-980x980.png 980w, https:\/\/mamavitalicious.com\/wp-content\/uploads\/2025\/10\/Mama-Vitalicious-Icon-Purple-Logo-transparent-480x480.png 480w\" sizes=\"(min-width: 0px) and (max-width: 480px) 480px, (min-width: 481px) and (max-width: 980px) 980px, (min-width: 981px) 1000px, 100vw\" class=\"wp-image-166\" \/><\/span><\/div>\n\n<div class=\"et_pb_heading_1 et_pb_heading et_pb_module et_block_module\"><div class=\"et_pb_heading_container\"><h1 class=\"et_pb_module_header\">D\u00e9coder, choisir, cuisiner : vers une alimentation consciente<\/h1><\/div><\/div>\n\n<div class=\"et_pb_text_13 et_pb_text et_pb_bg_layout_light et_pb_module et_block_module\"><div class=\"et_pb_text_inner\"><p>Changer notre fa\u00e7on de manger, c\u2019est changer notre avenir. Avec Mama Vitalicious, d\u00e9couvrez comment faire des choix simples et naturels, r\u00e9duire les additifs et cuisiner avec plaisir, pour une sant\u00e9 durable et des aliments qui rassemblent les gens. <\/p>\n<\/div><\/div>\n\n<div class=\"et_pb_module et_pb_button_module_wrapper et_pb_button_4_wrapper\"><a class=\"et_pb_button_4 et_pb_button et_pb_bg_layout_light et_pb_module et_block_module\" href=\"https:\/\/mamavitalicious.com\/blog\/\" data-icon=\"$\">Lire la suite<\/a><\/div>\n<\/div>\n\n<div class=\"et_pb_column_11 et_pb_column et_flex_column et_pb_css_mix_blend_mode_passthrough\">\n<div class=\"et_pb_divider_0 et_pb_divider_hidden et_pb_space et_pb_divider_position_top et_pb_module\"><div class=\"et_pb_divider_internal\"><\/div><\/div>\n<\/div>\n\n<div class=\"et_pb_column_12 et_pb_column et_flex_column et_pb_column_empty et_pb_css_mix_blend_mode_passthrough\"><\/div>\n\n<div class=\"et_pb_column_13 et_pb_column et-last-child et_flex_column et_pb_css_mix_blend_mode_passthrough\">\n<div class=\"et_pb_divider_1 et_pb_divider_hidden et_pb_space et_pb_divider_position_top et_pb_module\"><div class=\"et_pb_divider_internal\"><\/div><\/div>\n<\/div>\n<\/div>\n<\/div>\n\n<div class=\"et_pb_section_3 et_pb_section et_section_regular et_block_section et_pb_section_parallax\"><span class=\"et-pb-parallax-wrapper\"><span class=\"et-pb-parallax-background et-pb-parallax-background-module--divi-section-3\" style=\"background-image:url(https:\/\/mamavitalicious.com\/wp-content\/uploads\/2025\/10\/background-texture.png)\"><\/span><\/span>\n<div class=\"et_pb_row_5 et_pb_row et_block_row\">\n<div class=\"et_pb_column_14 et_pb_column et_pb_column_4_4 et-last-child et_block_column et_pb_css_mix_blend_mode_passthrough\">\n<div class=\"et_pb_signup_0 et_pb_signup et_pb_newsletter et_pb_subscribe et_pb_newsletter_description_no_content et_pb_bg_layout_light et_pb_module et_flex_module\"><div class=\"et_pb_newsletter_description\"><h2 class=\"et_pb_module_header\">Abonnez-vous \u00e0 notre infolettre<\/h2><\/div><div class=\"et_pb_newsletter_form\"><form method=\"post\" class=\"\"><div class=\"et_pb_newsletter_result et_pb_newsletter_error\"><\/div><div class=\"et_pb_newsletter_result et_pb_newsletter_success\"><h2>Success!<\/h2><\/div><div class=\"et_pb_newsletter_fields et_flex_module\"><p class=\"et_pb_newsletter_field et_pb_contact_field_last et_pb_contact_field_last_tablet et_pb_contact_field_last_phone\"><label class=\"et_pb_contact_form_label\" for=\"et_pb_signup_firstname\" style=\"display: none;\">Name<\/label><input class=\"input\" id=\"et_pb_signup_firstname\" type=\"text\" placeholder=\"Name\" name=\"et_pb_signup_firstname\" \/><\/p><p class=\"et_pb_newsletter_field et_pb_contact_field_last et_pb_contact_field_last_tablet et_pb_contact_field_last_phone\"><label class=\"et_pb_contact_form_label\" for=\"et_pb_signup_email\" style=\"display: none;\">Email<\/label><input class=\"input\" id=\"et_pb_signup_email\" type=\"text\" placeholder=\"Email\" name=\"et_pb_signup_email\" \/><\/p><p class=\"et_pb_newsletter_button_wrap\"><a class=\"et_pb_button et_pb_newsletter_button\" href=\"#\"><span class=\"et_subscribe_loader\"><\/span><span class=\"et_pb_newsletter_button_text\">Abonnez-vous maintenant<\/span><\/a><\/p><\/div><input type=\"hidden\" name=\"et_pb_signup_provider\" value=\"mailchimp\" \/><input type=\"hidden\" name=\"et_pb_signup_list_id\" value=\"03dac884f0\" \/><input type=\"hidden\" name=\"et_pb_signup_account_name\" value=\"MailChimp\" \/><input type=\"hidden\" name=\"et_pb_signup_ip_address\" value=\"true\" \/><input type=\"hidden\" name=\"et_pb_signup_checksum\" value=\"ce395d921ad613c0f1ef71c7326e58bd\" \/><\/form><\/div><\/div>\n<\/div>\n<\/div>\n<\/div>","protected":false},"excerpt":{"rendered":"","protected":false},"author":4,"featured_media":221665,"parent":0,"menu_order":0,"comment_status":"closed","ping_status":"closed","template":"","meta":{"footnotes":""},"class_list":["post-221664","page","type-page","status-publish","has-post-thumbnail","hentry"],"jetpack_sharing_enabled":true,"jetpack-related-posts":[{"id":221447,"url":"https:\/\/mamavitalicious.com\/fr\/politique-de-remboursement-et-de-retour\/","url_meta":{"origin":221664,"position":0},"title":"Politique de remboursement et de retour","author":"","date":"3 octobre 2025","format":false,"excerpt":"Voici une page d\u2019exemple. Aper\u00e7u Notre politique de remboursement et de retour dure 30 jours. Si 30 jours se sont \u00e9coul\u00e9s depuis votre achat, nous ne pouvons pas vous offrir un remboursement complet ni un \u00e9change. Pour \u00eatre admissible \u00e0 une d\u00e9claration, votre article doit \u00eatre inutilis\u00e9 et dans le\u2026","rel":"","context":"Similar post","block_context":{"text":"Similar post","link":""},"img":{"alt_text":"","src":"","width":0,"height":0},"classes":[]},{"id":221452,"url":"https:\/\/mamavitalicious.com\/fr\/conditions-generales\/","url_meta":{"origin":221664,"position":1},"title":"Conditions g\u00e9n\u00e9rales","author":"Mama Vitalicious","date":"9 janvier 2023","format":false,"excerpt":"\r Voici une page d\u2019exemple.\r \r Overview\r \r Notre politique de remboursement et de retour dure 30 jours. Si 30 jours se sont \u00e9coul\u00e9s depuis votre achat, nous ne pouvons pas vous offrir un remboursement complet ni un \u00e9change. \r \r Pour \u00eatre admissible \u00e0 une d\u00e9claration, votre article doit\u2026","rel":"","context":"Similar post","block_context":{"text":"Similar post","link":""},"img":{"alt_text":"","src":"","width":0,"height":0},"classes":[]},{"id":221450,"url":"https:\/\/mamavitalicious.com\/fr\/politique-de-confidentialite\/","url_meta":{"origin":221664,"position":2},"title":"Politique de confidentialit\u00e9","author":"Mama Vitalicious","date":"20 juillet 2022","format":false,"excerpt":"Version bilingue commerce \u00e9lectronique (\u00e0 mettre \u00e0 jour) Qui nous sommes Texte sugg\u00e9r\u00e9 : Notre adresse web est : https:\/\/www.mamavitalicious.com. Commentaires Texte sugg\u00e9r\u00e9 : Lorsque les visiteurs laissent des commentaires sur le site, nous recueillons les donn\u00e9es affich\u00e9es dans le formulaire de commentaires, ainsi que l\u2019adresse IP du visiteur et\u2026","rel":"","context":"Similar post","block_context":{"text":"Similar post","link":""},"img":{"alt_text":"","src":"","width":0,"height":0},"classes":[]},{"id":221659,"url":"https:\/\/mamavitalicious.com\/fr\/bulletin-de-confirmation\/","url_meta":{"origin":221664,"position":3},"title":"Bulletin de confirmation","author":"Mama Vitalicious","date":"12 D\u00e9cembre 2025","format":false,"excerpt":"","rel":"","context":"Similar post","block_context":{"text":"Similar post","link":""},"img":{"alt_text":"","src":"","width":0,"height":0},"classes":[]},{"id":221441,"url":"https:\/\/mamavitalicious.com\/fr\/recettes\/","url_meta":{"origin":221664,"position":4},"title":"Recettes","author":"Mama Vitalicious","date":"21 octobre 2025","format":false,"excerpt":"","rel":"","context":"Similar post","block_context":{"text":"Similar post","link":""},"img":{"alt_text":"Recette de salade de saumon","src":"https:\/\/i0.wp.com\/mamavitalicious.com\/wp-content\/uploads\/2025\/10\/Glow-Salmon-Salad-Mama-Vitalicious.jpg?resize=350%2C200&ssl=1","width":350,"height":200,"srcset":"https:\/\/i0.wp.com\/mamavitalicious.com\/wp-content\/uploads\/2025\/10\/Glow-Salmon-Salad-Mama-Vitalicious.jpg?resize=350%2C200&ssl=1 1x, https:\/\/i0.wp.com\/mamavitalicious.com\/wp-content\/uploads\/2025\/10\/Glow-Salmon-Salad-Mama-Vitalicious.jpg?resize=525%2C300&ssl=1 1.5x, https:\/\/i0.wp.com\/mamavitalicious.com\/wp-content\/uploads\/2025\/10\/Glow-Salmon-Salad-Mama-Vitalicious.jpg?resize=700%2C400&ssl=1 2x, https:\/\/i0.wp.com\/mamavitalicious.com\/wp-content\/uploads\/2025\/10\/Glow-Salmon-Salad-Mama-Vitalicious.jpg?resize=1050%2C600&ssl=1 3x, https:\/\/i0.wp.com\/mamavitalicious.com\/wp-content\/uploads\/2025\/10\/Glow-Salmon-Salad-Mama-Vitalicious.jpg?resize=1400%2C800&ssl=1 4x"},"classes":[]}],"_links":{"self":[{"href":"https:\/\/mamavitalicious.com\/fr\/wp-json\/wp\/v2\/pages\/221664","targetHints":{"allow":["GET"]}}],"collection":[{"href":"https:\/\/mamavitalicious.com\/fr\/wp-json\/wp\/v2\/pages"}],"about":[{"href":"https:\/\/mamavitalicious.com\/fr\/wp-json\/wp\/v2\/types\/page"}],"author":[{"embeddable":true,"href":"https:\/\/mamavitalicious.com\/fr\/wp-json\/wp\/v2\/users\/4"}],"replies":[{"embeddable":true,"href":"https:\/\/mamavitalicious.com\/fr\/wp-json\/wp\/v2\/comments?post=221664"}],"version-history":[{"count":7,"href":"https:\/\/mamavitalicious.com\/fr\/wp-json\/wp\/v2\/pages\/221664\/revisions"}],"predecessor-version":[{"id":221772,"href":"https:\/\/mamavitalicious.com\/fr\/wp-json\/wp\/v2\/pages\/221664\/revisions\/221772"}],"wp:featuredmedia":[{"embeddable":true,"href":"https:\/\/mamavitalicious.com\/fr\/wp-json\/wp\/v2\/media\/221665"}],"wp:attachment":[{"href":"https:\/\/mamavitalicious.com\/fr\/wp-json\/wp\/v2\/media?parent=221664"}],"curies":[{"name":"wp","href":"https:\/\/api.w.org\/{rel}","templated":true}]}}